{"id":346,"date":"2025-04-23T12:57:11","date_gmt":"2025-04-23T12:57:11","guid":{"rendered":"https:\/\/elalmacendelaweb.com.ar\/jotatec\/?post_type=product&#038;p=346"},"modified":"2025-05-07T01:25:55","modified_gmt":"2025-05-07T01:25:55","slug":"tensiometro-digital-automatico-geratherm-active-control-recargable","status":"publish","type":"product","link":"https:\/\/jotatec.com\/en\/product\/tensiometro-digital-automatico-geratherm-active-control-recargable\/","title":{"rendered":"Tensi\u00f3metro Digital Autom\u00e1tico Geratherm Active Control + (Recargable)"},"content":{"rendered":"<p>Equipo de Medici\u00f3n autom\u00e1tica de presi\u00f3n arterial de brazo.<\/p>\n<p>Marca: Geratherm<br \/>\nIndustria Alemana<\/p>\n<p>Modelo: Smart<\/p>\n<p>Color: Branco\/Azul<\/p>\n<p>Bater\u00eda interna recargable<\/p>\n<p>Pantalla extragrande, botones grandes. Con detecci\u00f3n de arritmias.<\/p>\n<p>F\u00e1cil de usar con el panel de control de un solo bot\u00f3n. Hora y fecha integradas.<\/p>\n<p>Alta precisi\u00f3n<\/p>\n<p>Alarma sonora<\/p>\n<p>Totalmente autom\u00e1tico<\/p>\n<p>60 memorias con fecha y hora<\/p>\n<p>Visor de cristal l\u00edquido de f\u00e1cil lectura<\/p>\n<p>Cl\u00ednicamente validado<\/p>\n<p>Registrado en ANMAT<\/p>","protected":false},"excerpt":{"rendered":"<p>Equipo de Medici\u00f3n autom\u00e1tica de presi\u00f3n arterial de brazo. Marca: Geratherm Industria Alemana Modelo: Smart Color: Branco\/Azul Bater\u00eda interna recargable Pantalla extragrande, botones grandes. Con detecci\u00f3n de arritmias. F\u00e1cil de usar con el panel de control de un solo bot\u00f3n. Hora y fecha integradas. Alta precisi\u00f3n Alarma sonora Totalmente autom\u00e1tico 60 memorias con fecha y [&hellip;]<\/p>","protected":false},"featured_media":370,"template":"","meta":{"_joinchat":[]},"product_brand":[],"product_cat":[18],"product_tag":[],"class_list":{"0":"post-346","1":"product","2":"type-product","3":"status-publish","4":"has-post-thumbnail","6":"product_cat-homecare","7":"product_shipping_class-farmacia-argentina","9":"first","10":"instock","11":"shipping-taxable","12":"purchasable","13":"product-type-simple"},"_links":{"self":[{"href":"https:\/\/jotatec.com\/en\/wp-json\/wp\/v2\/product\/346","targetHints":{"allow":["GET"]}}],"collection":[{"href":"https:\/\/jotatec.com\/en\/wp-json\/wp\/v2\/product"}],"about":[{"href":"https:\/\/jotatec.com\/en\/wp-json\/wp\/v2\/types\/product"}],"wp:featuredmedia":[{"embeddable":true,"href":"https:\/\/jotatec.com\/en\/wp-json\/wp\/v2\/media\/370"}],"wp:attachment":[{"href":"https:\/\/jotatec.com\/en\/wp-json\/wp\/v2\/media?parent=346"}],"wp:term":[{"taxonomy":"product_brand","embeddable":true,"href":"https:\/\/jotatec.com\/en\/wp-json\/wp\/v2\/product_brand?post=346"},{"taxonomy":"product_cat","embeddable":true,"href":"https:\/\/jotatec.com\/en\/wp-json\/wp\/v2\/product_cat?post=346"},{"taxonomy":"product_tag","embeddable":true,"href":"https:\/\/jotatec.com\/en\/wp-json\/wp\/v2\/product_tag?post=346"}],"curies":[{"name":"wp","href":"https:\/\/api.w.org\/{rel}","templated":true}]}}