{"id":344,"date":"2025-04-23T12:57:11","date_gmt":"2025-04-23T12:57:11","guid":{"rendered":"https:\/\/elalmacendelaweb.com.ar\/jotatec\/?post_type=product&#038;p=344"},"modified":"2025-10-06T20:44:57","modified_gmt":"2025-10-06T20:44:57","slug":"parche-de-desfibrilacion-pediatrico-ddp-200p","status":"publish","type":"product","link":"https:\/\/jotatec.com\/en\/product\/parche-de-desfibrilacion-pediatrico-ddp-200p\/","title":{"rendered":"Parche de Desfibrilaci\u00f3n Pediatrico DDP-200P."},"content":{"rendered":"<p>Este parche de desfibrilaci\u00f3n contiene dos almohadillas conectadas a un conector. Sirve tanto para la versi\u00f3n semi-autom\u00e1tica (serie DDU-100) o para la autom\u00e1tica (serie DDU-120). Son parches para uso pedi\u00e1trico (menores de 8 a\u00f1os).<\/p>","protected":false},"excerpt":{"rendered":"<p>Este parche de desfibrilaci\u00f3n contiene dos almohadillas conectadas a un conector. Sirve tanto para la versi\u00f3n semi-autom\u00e1tica (serie DDU-100) o para la autom\u00e1tica (serie DDU-120). Son parches para uso pedi\u00e1trico (menores de 8 a\u00f1os).<\/p>","protected":false},"featured_media":368,"template":"","meta":{"_joinchat":[]},"product_brand":[],"product_cat":[17],"product_tag":[],"class_list":{"0":"post-344","1":"product","2":"type-product","3":"status-publish","4":"has-post-thumbnail","6":"product_cat-cardio-resucitacion","7":"product_shipping_class-dea","9":"first","10":"instock","11":"shipping-taxable","12":"purchasable","13":"product-type-simple"},"_links":{"self":[{"href":"https:\/\/jotatec.com\/en\/wp-json\/wp\/v2\/product\/344","targetHints":{"allow":["GET"]}}],"collection":[{"href":"https:\/\/jotatec.com\/en\/wp-json\/wp\/v2\/product"}],"about":[{"href":"https:\/\/jotatec.com\/en\/wp-json\/wp\/v2\/types\/product"}],"wp:featuredmedia":[{"embeddable":true,"href":"https:\/\/jotatec.com\/en\/wp-json\/wp\/v2\/media\/368"}],"wp:attachment":[{"href":"https:\/\/jotatec.com\/en\/wp-json\/wp\/v2\/media?parent=344"}],"wp:term":[{"taxonomy":"product_brand","embeddable":true,"href":"https:\/\/jotatec.com\/en\/wp-json\/wp\/v2\/product_brand?post=344"},{"taxonomy":"product_cat","embeddable":true,"href":"https:\/\/jotatec.com\/en\/wp-json\/wp\/v2\/product_cat?post=344"},{"taxonomy":"product_tag","embeddable":true,"href":"https:\/\/jotatec.com\/en\/wp-json\/wp\/v2\/product_tag?post=344"}],"curies":[{"name":"wp","href":"https:\/\/api.w.org\/{rel}","templated":true}]}}