{"id":343,"date":"2025-04-23T12:57:11","date_gmt":"2025-04-23T12:57:11","guid":{"rendered":"https:\/\/elalmacendelaweb.com.ar\/jotatec\/?post_type=product&#038;p=343"},"modified":"2025-11-15T11:13:30","modified_gmt":"2025-11-15T11:13:30","slug":"parche-de-desfibrilacion-adulto-ddp-100","status":"publish","type":"product","link":"https:\/\/jotatec.com\/en\/product\/parche-de-desfibrilacion-adulto-ddp-100\/","title":{"rendered":"Parche de Desfibrilaci\u00f3n Adulto DDP-100"},"content":{"rendered":"<p>Este parche de desfibrilaci\u00f3n contiene dos almohadillas conectadas a un conector. Sirve tanto para la versi\u00f3n semi-autom\u00e1tica (serie DDU-100) o para la autom\u00e1tica (serie DDU-120). Son parches para uso adulto (mayores de 8 a\u00f1os).<\/p>","protected":false},"excerpt":{"rendered":"<p>Este parche de desfibrilaci\u00f3n contiene dos almohadillas conectadas a un conector. Sirve tanto para la versi\u00f3n semi-autom\u00e1tica (serie DDU-100) o para la autom\u00e1tica (serie DDU-120). Son parches para uso adulto (mayores de 8 a\u00f1os).<\/p>","protected":false},"featured_media":367,"template":"","meta":{"_joinchat":[]},"product_brand":[],"product_cat":[17],"product_tag":[],"class_list":{"0":"post-343","1":"product","2":"type-product","3":"status-publish","4":"has-post-thumbnail","6":"product_cat-cardio-resucitacion","7":"product_shipping_class-dea","9":"first","10":"instock","11":"shipping-taxable","12":"purchasable","13":"product-type-simple"},"_links":{"self":[{"href":"https:\/\/jotatec.com\/en\/wp-json\/wp\/v2\/product\/343","targetHints":{"allow":["GET"]}}],"collection":[{"href":"https:\/\/jotatec.com\/en\/wp-json\/wp\/v2\/product"}],"about":[{"href":"https:\/\/jotatec.com\/en\/wp-json\/wp\/v2\/types\/product"}],"wp:featuredmedia":[{"embeddable":true,"href":"https:\/\/jotatec.com\/en\/wp-json\/wp\/v2\/media\/367"}],"wp:attachment":[{"href":"https:\/\/jotatec.com\/en\/wp-json\/wp\/v2\/media?parent=343"}],"wp:term":[{"taxonomy":"product_brand","embeddable":true,"href":"https:\/\/jotatec.com\/en\/wp-json\/wp\/v2\/product_brand?post=343"},{"taxonomy":"product_cat","embeddable":true,"href":"https:\/\/jotatec.com\/en\/wp-json\/wp\/v2\/product_cat?post=343"},{"taxonomy":"product_tag","embeddable":true,"href":"https:\/\/jotatec.com\/en\/wp-json\/wp\/v2\/product_tag?post=343"}],"curies":[{"name":"wp","href":"https:\/\/api.w.org\/{rel}","templated":true}]}}