{"id":342,"date":"2025-04-23T12:57:10","date_gmt":"2025-04-23T12:57:10","guid":{"rendered":"https:\/\/elalmacendelaweb.com.ar\/jotatec\/?post_type=product&#038;p=342"},"modified":"2025-10-06T20:44:39","modified_gmt":"2025-10-06T20:44:39","slug":"bateria-para-desfibrilador-automatico-ddu-100a-y-ddu-120a-5-anos","status":"publish","type":"product","link":"https:\/\/jotatec.com\/en\/product\/bateria-para-desfibrilador-automatico-ddu-100a-y-ddu-120a-5-anos\/","title":{"rendered":"Bater\u00eda para Desfibrilador Automatico DDU-100A y DDU-120A (5 a\u00f1os)"},"content":{"rendered":"<p>Este pack de bater\u00eda (DBP-1400) tiene una vida en stand by colocado en el DEA de 5 a\u00f1os, 125 shocks de desfibrilaci\u00f3n, u 8 horas de operaci\u00f3n continua (lo que ocurra primero)<\/p>","protected":false},"excerpt":{"rendered":"<p>Este pack de bater\u00eda (DBP-1400) tiene una vida en stand by colocado en el DEA de 5 a\u00f1os, 125 shocks de desfibrilaci\u00f3n, u 8 horas de operaci\u00f3n continua (lo que ocurra primero)<\/p>","protected":false},"featured_media":366,"template":"","meta":{"_joinchat":[]},"product_brand":[],"product_cat":[17],"product_tag":[],"class_list":{"0":"post-342","1":"product","2":"type-product","3":"status-publish","4":"has-post-thumbnail","6":"product_cat-cardio-resucitacion","7":"product_shipping_class-dea","9":"first","10":"instock","11":"shipping-taxable","12":"purchasable","13":"product-type-simple"},"_links":{"self":[{"href":"https:\/\/jotatec.com\/en\/wp-json\/wp\/v2\/product\/342","targetHints":{"allow":["GET"]}}],"collection":[{"href":"https:\/\/jotatec.com\/en\/wp-json\/wp\/v2\/product"}],"about":[{"href":"https:\/\/jotatec.com\/en\/wp-json\/wp\/v2\/types\/product"}],"wp:featuredmedia":[{"embeddable":true,"href":"https:\/\/jotatec.com\/en\/wp-json\/wp\/v2\/media\/366"}],"wp:attachment":[{"href":"https:\/\/jotatec.com\/en\/wp-json\/wp\/v2\/media?parent=342"}],"wp:term":[{"taxonomy":"product_brand","embeddable":true,"href":"https:\/\/jotatec.com\/en\/wp-json\/wp\/v2\/product_brand?post=342"},{"taxonomy":"product_cat","embeddable":true,"href":"https:\/\/jotatec.com\/en\/wp-json\/wp\/v2\/product_cat?post=342"},{"taxonomy":"product_tag","embeddable":true,"href":"https:\/\/jotatec.com\/en\/wp-json\/wp\/v2\/product_tag?post=342"}],"curies":[{"name":"wp","href":"https:\/\/api.w.org\/{rel}","templated":true}]}}