{"id":309,"date":"2025-04-23T12:56:41","date_gmt":"2025-04-23T12:56:41","guid":{"rendered":"https:\/\/elalmacendelaweb.com.ar\/jotatec\/?post_type=product&#038;p=309"},"modified":"2025-04-23T12:57:02","modified_gmt":"2025-04-23T12:57:02","slug":"tensiometro-automatico-digital-geratherm-wristwatch","status":"publish","type":"product","link":"https:\/\/jotatec.com\/en\/product\/tensiometro-automatico-digital-geratherm-wristwatch\/","title":{"rendered":"Tensi\u00f3metro Autom\u00e1tico Digital Geratherm Wristwatch"},"content":{"rendered":"<p>Equipo de Medici\u00f3n autom\u00e1tica de presi\u00f3n arterial de mu\u00f1eca.<\/p>\n<p>Marca: Geratherm<br \/>\nIndustria Alemana<\/p>\n<p>Modelo: KP-6130<\/p>\n<p>Color: Branco\/Azul<\/p>\n<p>F\u00e1cil utilizaci\u00f3n con apenas 1 bot\u00f3n<\/p>\n<p>Alta precisi\u00f3n<\/p>\n<p>Alarma sonora<\/p>\n<p>Totalmente autom\u00e1tico<\/p>\n<p>42 memorias con fecha y hora<\/p>\n<p>Visor de cristal l\u00edquido de f\u00e1cil lectura<\/p>\n<p>Cl\u00ednicamente validado<\/p>\n<p>Tempo de duraci\u00f3n de las bater\u00edas : Aproximadamente 250 mediciones<\/p>\n<p>Registrado en ANMAT<\/p>","protected":false},"excerpt":{"rendered":"<p>Equipo de Medici\u00f3n autom\u00e1tica de presi\u00f3n arterial de mu\u00f1eca. Marca: Geratherm Industria Alemana Modelo: KP-6130 Color: Branco\/Azul F\u00e1cil utilizaci\u00f3n con apenas 1 bot\u00f3n Alta precisi\u00f3n Alarma sonora Totalmente autom\u00e1tico 42 memorias con fecha y hora Visor de cristal l\u00edquido de f\u00e1cil lectura Cl\u00ednicamente validado Tempo de duraci\u00f3n de las bater\u00edas : Aproximadamente 250 mediciones Registrado [&hellip;]<\/p>","protected":false},"featured_media":340,"template":"","meta":{"_joinchat":[]},"product_brand":[],"product_cat":[18],"product_tag":[],"class_list":{"0":"post-309","1":"product","2":"type-product","3":"status-publish","4":"has-post-thumbnail","6":"product_cat-homecare","7":"product_shipping_class-farmacia-argentina","9":"first","10":"instock","11":"shipping-taxable","12":"purchasable","13":"product-type-simple"},"_links":{"self":[{"href":"https:\/\/jotatec.com\/en\/wp-json\/wp\/v2\/product\/309","targetHints":{"allow":["GET"]}}],"collection":[{"href":"https:\/\/jotatec.com\/en\/wp-json\/wp\/v2\/product"}],"about":[{"href":"https:\/\/jotatec.com\/en\/wp-json\/wp\/v2\/types\/product"}],"wp:featuredmedia":[{"embeddable":true,"href":"https:\/\/jotatec.com\/en\/wp-json\/wp\/v2\/media\/340"}],"wp:attachment":[{"href":"https:\/\/jotatec.com\/en\/wp-json\/wp\/v2\/media?parent=309"}],"wp:term":[{"taxonomy":"product_brand","embeddable":true,"href":"https:\/\/jotatec.com\/en\/wp-json\/wp\/v2\/product_brand?post=309"},{"taxonomy":"product_cat","embeddable":true,"href":"https:\/\/jotatec.com\/en\/wp-json\/wp\/v2\/product_cat?post=309"},{"taxonomy":"product_tag","embeddable":true,"href":"https:\/\/jotatec.com\/en\/wp-json\/wp\/v2\/product_tag?post=309"}],"curies":[{"name":"wp","href":"https:\/\/api.w.org\/{rel}","templated":true}]}}