{"id":308,"date":"2025-04-23T12:56:41","date_gmt":"2025-04-23T12:56:41","guid":{"rendered":"https:\/\/elalmacendelaweb.com.ar\/jotatec\/?post_type=product&#038;p=308"},"modified":"2025-04-23T12:56:59","modified_gmt":"2025-04-23T12:56:59","slug":"oximetro-de-pulso-geratherm-oxycontrol","status":"publish","type":"product","link":"https:\/\/jotatec.com\/en\/product\/oximetro-de-pulso-geratherm-oxycontrol\/","title":{"rendered":"Oximetro De Pulso Geratherm Oxycontrol"},"content":{"rendered":"<p>F\u00e1cil de usar debido al control con un solo bot\u00f3n.<\/p>\n<p>Industria Alemana<\/p>\n<p>&#8211; Alta exactitud.<br \/>\n&#8211; Probado cl\u00ednico.<br \/>\n&#8211; Adulto \/ pedi\u00e1trico.<br \/>\n&#8211; Alta comodidad con exhibici\u00f3n de 6 posiciones de perspectiva.<br \/>\n&#8211; 10 niveles ajustables de brillo pantalla.<br \/>\n&#8211; Pulso en forma de histograma(ondas) y barras.<br \/>\n&#8211; Compacto, peque\u00f1o, ligero y portable.<br \/>\n&#8211; Hasta 30 horas en uso continuo.<br \/>\n&#8211; Apagado autom\u00e1tico.<\/p>\n<p>DATOS T\u00c9CNICOS:<br \/>\nRango de medici\u00f3n: SpO2 : 0 ~ 99 % \/ pulso: 30 ~ 235 bpm<br \/>\nGr\u00e1fica: Barras y ondas<br \/>\nExactitud: SpO2 : \u00b1 2 % \/ Pulso: \u00b1 2 %<br \/>\nDuraci\u00f3n de la bater\u00eda: 30 horas de funcionamiento continuo<\/p>\n<p>ACCESORIOS:<br \/>\n&#8211; Funda.<br \/>\n&#8211; Estuche<br \/>\n&#8211; Colgador<br \/>\n&#8211; Par de pilas<br \/>\n&#8211; Manual de uso<\/p>","protected":false},"excerpt":{"rendered":"<p>F\u00e1cil de usar debido al control con un solo bot\u00f3n. Industria Alemana &#8211; Alta exactitud. &#8211; Probado cl\u00ednico. &#8211; Adulto \/ pedi\u00e1trico. &#8211; Alta comodidad con exhibici\u00f3n de 6 posiciones de perspectiva. &#8211; 10 niveles ajustables de brillo pantalla. &#8211; Pulso en forma de histograma(ondas) y barras. &#8211; Compacto, peque\u00f1o, ligero y portable. &#8211; Hasta [&hellip;]<\/p>","protected":false},"featured_media":338,"template":"","meta":{"_joinchat":[]},"product_brand":[],"product_cat":[18],"product_tag":[],"class_list":{"0":"post-308","1":"product","2":"type-product","3":"status-publish","4":"has-post-thumbnail","6":"product_cat-homecare","7":"product_shipping_class-farmacia-argentina","9":"first","10":"instock","11":"shipping-taxable","12":"purchasable","13":"product-type-simple"},"_links":{"self":[{"href":"https:\/\/jotatec.com\/en\/wp-json\/wp\/v2\/product\/308","targetHints":{"allow":["GET"]}}],"collection":[{"href":"https:\/\/jotatec.com\/en\/wp-json\/wp\/v2\/product"}],"about":[{"href":"https:\/\/jotatec.com\/en\/wp-json\/wp\/v2\/types\/product"}],"wp:featuredmedia":[{"embeddable":true,"href":"https:\/\/jotatec.com\/en\/wp-json\/wp\/v2\/media\/338"}],"wp:attachment":[{"href":"https:\/\/jotatec.com\/en\/wp-json\/wp\/v2\/media?parent=308"}],"wp:term":[{"taxonomy":"product_brand","embeddable":true,"href":"https:\/\/jotatec.com\/en\/wp-json\/wp\/v2\/product_brand?post=308"},{"taxonomy":"product_cat","embeddable":true,"href":"https:\/\/jotatec.com\/en\/wp-json\/wp\/v2\/product_cat?post=308"},{"taxonomy":"product_tag","embeddable":true,"href":"https:\/\/jotatec.com\/en\/wp-json\/wp\/v2\/product_tag?post=308"}],"curies":[{"name":"wp","href":"https:\/\/api.w.org\/{rel}","templated":true}]}}