{"id":306,"date":"2025-04-23T12:56:41","date_gmt":"2025-04-23T12:56:41","guid":{"rendered":"https:\/\/elalmacendelaweb.com.ar\/jotatec\/?post_type=product&#038;p=306"},"modified":"2025-04-23T12:56:48","modified_gmt":"2025-04-23T12:56:48","slug":"termometro-de-galio","status":"publish","type":"product","link":"https:\/\/jotatec.com\/en\/product\/termometro-de-galio\/","title":{"rendered":"Term\u00f3metro de Galio"},"content":{"rendered":"<p>&nbsp;<\/p>\n<ul>\n<li>Term\u00f3metro ecol\u00f3gico de Galio (SIN MERCURIO)<\/li>\n<li>Certificado por ANMAT<\/li>\n<li>Industria Alemana<\/li>\n<li>F\u00e1cil lectura y altamente preciso<\/li>\n<li>Nuevo term\u00f3metro sin mercurio, ecol\u00f3gico, no-t\u00f3xico<\/li>\n<li>Rango de Temperatura 35\u00ba Cent\u00edgrados &#8211; 42\u00ba Cent\u00edgrados<\/li>\n<li>Precisi\u00f3n de 0,1 grados Celcius<\/li>\n<li>Las mismas medidas que los term\u00f3metros de mercurio<\/li>\n<li>Indispensable para familia, m\u00e9dicos, hospitales en casa, etc.<\/li>\n<\/ul>","protected":false},"excerpt":{"rendered":"<p>Term\u00f3metro ecol\u00f3gico de galio<\/p>","protected":false},"featured_media":335,"template":"","meta":{"_joinchat":[]},"product_brand":[],"product_cat":[18],"product_tag":[21,22,23],"class_list":{"0":"post-306","1":"product","2":"type-product","3":"status-publish","4":"has-post-thumbnail","6":"product_cat-homecare","7":"product_tag-de-galio","8":"product_tag-ecologico","9":"product_tag-termometro","10":"product_shipping_class-farmacia-argentina","12":"first","13":"instock","14":"shipping-taxable","15":"purchasable","16":"product-type-simple"},"_links":{"self":[{"href":"https:\/\/jotatec.com\/en\/wp-json\/wp\/v2\/product\/306","targetHints":{"allow":["GET"]}}],"collection":[{"href":"https:\/\/jotatec.com\/en\/wp-json\/wp\/v2\/product"}],"about":[{"href":"https:\/\/jotatec.com\/en\/wp-json\/wp\/v2\/types\/product"}],"wp:featuredmedia":[{"embeddable":true,"href":"https:\/\/jotatec.com\/en\/wp-json\/wp\/v2\/media\/335"}],"wp:attachment":[{"href":"https:\/\/jotatec.com\/en\/wp-json\/wp\/v2\/media?parent=306"}],"wp:term":[{"taxonomy":"product_brand","embeddable":true,"href":"https:\/\/jotatec.com\/en\/wp-json\/wp\/v2\/product_brand?post=306"},{"taxonomy":"product_cat","embeddable":true,"href":"https:\/\/jotatec.com\/en\/wp-json\/wp\/v2\/product_cat?post=306"},{"taxonomy":"product_tag","embeddable":true,"href":"https:\/\/jotatec.com\/en\/wp-json\/wp\/v2\/product_tag?post=306"}],"curies":[{"name":"wp","href":"https:\/\/api.w.org\/{rel}","templated":true}]}}