{"id":301,"date":"2025-04-23T12:56:40","date_gmt":"2025-04-23T12:56:40","guid":{"rendered":"https:\/\/elalmacendelaweb.com.ar\/jotatec\/?post_type=product&#038;p=301"},"modified":"2025-10-06T18:52:12","modified_gmt":"2025-10-06T18:52:12","slug":"radius-p24c","status":"publish","type":"product","link":"https:\/\/jotatec.com\/en\/product\/radius-p24c\/","title":{"rendered":"RADIUS P24C"},"content":{"rendered":"<p>El <strong>RADIUS P24C<\/strong> de JotaTec combina los m\u00e1s altos reconocimientos cient\u00edficos con un dise\u00f1o practico e innovador. Las certificaciones obtenidas logran satisfacer todos los requerimientos que el medico o la instituci\u00f3n solicite tanto para la operatoria (publica o privada) como para trabajos de investigaci\u00f3n. Analice toda la informaci\u00f3n y genere el informe en solo minutos.<\/p>\n<p>&nbsp;<\/p>\n<p><strong>Especificaciones T\u00e9cnicas<\/strong><\/p>\n<p>&nbsp;<\/p>\n<ul>\n<li>T\u00e9cnica Oscilom\u00e9trica<\/li>\n<li>Almacena hasta 1000 mediciones<\/li>\n<li>Realiza estudios de 24hs con un solo juego de bater\u00edas<\/li>\n<li>Frecuencia de medici\u00f3n totalmente programable para el d\u00eda y la noche<\/li>\n<li>Inflado inteligente que maximiza el confort adapt\u00e1ndose al paciente<\/li>\n<li>Medici\u00f3n en tiempo real lo que disminuye el tiempo y desinflado<\/li>\n<li>Display ocultable para evitar que el paciente se alarme<\/li>\n<li>En caso de error autom\u00e1ticamente el equipo intenta una nueva medici\u00f3n<\/li>\n<li>400 mediciones con un juego de bater\u00edas<\/li>\n<li>Back up de datos con pila interna<\/li>\n<li>Comunicaci\u00f3n a trav\u00e9s del puerto USB<\/li>\n<li>Utiliza 2 (dos) bater\u00adas alcalinas o recargables<\/li>\n<li>Industria Argentina<\/li>\n<\/ul>","protected":false},"excerpt":{"rendered":"<p>El<strong> RADIUS P24C<\/strong> de JotaTec combina los m\u00e1s altos reconocimientos cient\u00edficos con un dise\u00f1o practico e innovador. Las certificaciones obtenidas logran satisfacer todos los requerimientos que el medico o la instituci\u00f3n solicite, tanto para la operatoria diaria (publica o privada), como para trabajos de investigaci\u00f3n. Analice toda la informaci\u00f3n y genere el informe en solo minutos.<\/p>\n<p>&nbsp;<\/p>","protected":false},"featured_media":331,"template":"","meta":{"_joinchat":[]},"product_brand":[],"product_cat":[20],"product_tag":[],"class_list":{"0":"post-301","1":"product","2":"type-product","3":"status-publish","4":"has-post-thumbnail","6":"product_cat-cardiologia","8":"first","9":"instock","10":"shipping-taxable","11":"purchasable","12":"product-type-simple"},"_links":{"self":[{"href":"https:\/\/jotatec.com\/en\/wp-json\/wp\/v2\/product\/301","targetHints":{"allow":["GET"]}}],"collection":[{"href":"https:\/\/jotatec.com\/en\/wp-json\/wp\/v2\/product"}],"about":[{"href":"https:\/\/jotatec.com\/en\/wp-json\/wp\/v2\/types\/product"}],"wp:featuredmedia":[{"embeddable":true,"href":"https:\/\/jotatec.com\/en\/wp-json\/wp\/v2\/media\/331"}],"wp:attachment":[{"href":"https:\/\/jotatec.com\/en\/wp-json\/wp\/v2\/media?parent=301"}],"wp:term":[{"taxonomy":"product_brand","embeddable":true,"href":"https:\/\/jotatec.com\/en\/wp-json\/wp\/v2\/product_brand?post=301"},{"taxonomy":"product_cat","embeddable":true,"href":"https:\/\/jotatec.com\/en\/wp-json\/wp\/v2\/product_cat?post=301"},{"taxonomy":"product_tag","embeddable":true,"href":"https:\/\/jotatec.com\/en\/wp-json\/wp\/v2\/product_tag?post=301"}],"curies":[{"name":"wp","href":"https:\/\/api.w.org\/{rel}","templated":true}]}}