{"id":300,"date":"2025-04-23T12:56:40","date_gmt":"2025-04-23T12:56:40","guid":{"rendered":"https:\/\/elalmacendelaweb.com.ar\/jotatec\/?post_type=product&#038;p=300"},"modified":"2026-03-18T11:57:52","modified_gmt":"2026-03-18T11:57:52","slug":"desfibrilador-automatico-ddu-120a","status":"publish","type":"product","link":"https:\/\/jotatec.com\/en\/product\/desfibrilador-automatico-ddu-120a\/","title":{"rendered":"Desfibrilador Automatico DDU-120A"},"content":{"rendered":"<p>El uso de un desfibrilador es hoy en d\u00eda una herramienta muy necesaria en los \u00e1mbitos p\u00fablicos y semi-publicos y en algunos a\u00f1os m\u00e1s, cuando tomemos real conciencia de su importancia para salvar vidas, lo tendremos en el auto y en nuestra casa.<\/p>","protected":false},"excerpt":{"rendered":"<p>El uso de un desfibrilador es hoy en d\u00eda una herramienta muy necesaria en los \u00e1mbitos p\u00fablicos y semi-publicos y en algunos a\u00f1os m\u00e1s, cuando tomemos real conciencia de su importancia para salvar vidas, lo tendremos en el auto y en nuestra casa.<\/p>","protected":false},"featured_media":330,"template":"","meta":{"_joinchat":[]},"product_brand":[],"product_cat":[17],"product_tag":[],"class_list":{"0":"post-300","1":"product","2":"type-product","3":"status-publish","4":"has-post-thumbnail","6":"product_cat-cardio-resucitacion","7":"product_shipping_class-dea","9":"first","10":"instock","11":"shipping-taxable","12":"purchasable","13":"product-type-simple"},"_links":{"self":[{"href":"https:\/\/jotatec.com\/en\/wp-json\/wp\/v2\/product\/300","targetHints":{"allow":["GET"]}}],"collection":[{"href":"https:\/\/jotatec.com\/en\/wp-json\/wp\/v2\/product"}],"about":[{"href":"https:\/\/jotatec.com\/en\/wp-json\/wp\/v2\/types\/product"}],"wp:featuredmedia":[{"embeddable":true,"href":"https:\/\/jotatec.com\/en\/wp-json\/wp\/v2\/media\/330"}],"wp:attachment":[{"href":"https:\/\/jotatec.com\/en\/wp-json\/wp\/v2\/media?parent=300"}],"wp:term":[{"taxonomy":"product_brand","embeddable":true,"href":"https:\/\/jotatec.com\/en\/wp-json\/wp\/v2\/product_brand?post=300"},{"taxonomy":"product_cat","embeddable":true,"href":"https:\/\/jotatec.com\/en\/wp-json\/wp\/v2\/product_cat?post=300"},{"taxonomy":"product_tag","embeddable":true,"href":"https:\/\/jotatec.com\/en\/wp-json\/wp\/v2\/product_tag?post=300"}],"curies":[{"name":"wp","href":"https:\/\/api.w.org\/{rel}","templated":true}]}}