{"id":577,"date":"2025-05-12T12:11:31","date_gmt":"2025-05-12T12:11:31","guid":{"rendered":"https:\/\/elalmacendelaweb.com.ar\/jotatec\/?page_id=577"},"modified":"2025-05-12T12:45:07","modified_gmt":"2025-05-12T12:45:07","slug":"productos","status":"publish","type":"page","link":"https:\/\/jotatec.com\/en\/productos\/","title":{"rendered":"productos"},"content":{"rendered":"<div data-elementor-type=\"wp-page\" data-elementor-id=\"577\" class=\"elementor elementor-577\" data-elementor-post-type=\"page\">\n\t\t\t\t<div class=\"elementor-element elementor-element-cc512dd e-flex e-con-boxed e-con e-parent\" data-id=\"cc512dd\" data-element_type=\"container\">\n\t\t\t\t\t<div class=\"e-con-inner\">\n\t\t\t\t\t<\/div>\n\t\t\t\t<\/div>\n\t\t<div class=\"elementor-element elementor-element-1186058 e-flex e-con-boxed e-con e-parent\" data-id=\"1186058\" data-element_type=\"container\">\n\t\t\t\t\t<div class=\"e-con-inner\">\n\t\t<div class=\"elementor-element elementor-element-efba594 e-con-full e-flex e-con e-child\" data-id=\"efba594\" data-element_type=\"container\">\n\t\t\t\t<div class=\"elementor-element elementor-element-48a7256 elementor-widget elementor-widget-heading\" data-id=\"48a7256\" data-element_type=\"widget\" data-widget_type=\"heading.default\">\n\t\t\t\t<div class=\"elementor-widget-container\">\n\t\t\t\t\t<h2 class=\"elementor-heading-title elementor-size-default\">Categories<\/h2>\t\t\t\t<\/div>\n\t\t\t\t<\/div>\n\t\t\t\t<div class=\"elementor-element elementor-element-cabc76d elementor-grid-1 elementor-product-loop-item--align-left elementor-grid-tablet-1 elementor-grid-mobile-2 elementor-products-grid elementor-wc-products elementor-widget elementor-widget-wc-categories\" data-id=\"cabc76d\" data-element_type=\"widget\" data-widget_type=\"wc-categories.default\">\n\t\t\t\t<div class=\"elementor-widget-container\">\n\t\t\t\t\t<div class=\"woocommerce columns-1\"><ul class=\"products elementor-grid columns-1\">\n<li class=\"product-category product first\">\n\t<a aria-label=\"Visit product category Homecare\" href=\"https:\/\/jotatec.com\/en\/product-category\/homecare\/\" data-no-translation-aria-label=\"\"><img fetchpriority=\"high\" decoding=\"async\" src=\"https:\/\/jotatec.com\/wp-content\/plugins\/woocommerce\/assets\/images\/placeholder.png\" alt=\"Homecare\" width=\"300\" height=\"300\" \/>\t\t<h2 class=\"woocommerce-loop-category__title\">\n\t\t\tHomecare <mark class=\"count\">(6)<\/mark>\t\t<\/h2>\n\t\t<\/a><\/li>\n<li class=\"product-category product first\">\n\t<a aria-label=\"Visit product category Cardiolog\u00eda\" href=\"https:\/\/jotatec.com\/en\/product-category\/cardiologia\/\" data-no-translation-aria-label=\"\"><img decoding=\"async\" src=\"https:\/\/jotatec.com\/wp-content\/plugins\/woocommerce\/assets\/images\/placeholder.png\" alt=\"Cardiolog\u00eda\" width=\"300\" height=\"300\" \/>\t\t<h2 class=\"woocommerce-loop-category__title\">\n\t\t\tCardiology <mark class=\"count\">(4)<\/mark>\t\t<\/h2>\n\t\t<\/a><\/li>\n<li class=\"product-category product first\">\n\t<a aria-label=\"Visit product category Cardio Resucitaci\u00f3n\" href=\"https:\/\/jotatec.com\/en\/product-category\/cardio-resucitacion\/\" data-no-translation-aria-label=\"\"><img decoding=\"async\" src=\"https:\/\/jotatec.com\/wp-content\/plugins\/woocommerce\/assets\/images\/placeholder.png\" alt=\"Cardio Resucitaci\u00f3n\" width=\"300\" height=\"300\" \/>\t\t<h2 class=\"woocommerce-loop-category__title\">\n\t\t\tCardio resuscitation <mark class=\"count\">(6)<\/mark>\t\t<\/h2>\n\t\t<\/a><\/li>\n<li class=\"product-category product first\">\n\t<a aria-label=\"Visit product category Accesorios\" href=\"https:\/\/jotatec.com\/en\/product-category\/accesorios\/\" data-no-translation-aria-label=\"\"><img loading=\"lazy\" decoding=\"async\" src=\"https:\/\/jotatec.com\/wp-content\/plugins\/woocommerce\/assets\/images\/placeholder.png\" alt=\"Accesorios\" width=\"300\" height=\"300\" \/>\t\t<h2 class=\"woocommerce-loop-category__title\">\n\t\t\tAccesories <mark class=\"count\">(17)<\/mark>\t\t<\/h2>\n\t\t<\/a><\/li>\n<\/ul>\n<\/div>\t\t\t\t<\/div>\n\t\t\t\t<\/div>\n\t\t\t\t<\/div>\n\t\t<div class=\"elementor-element elementor-element-3a34967 e-con-full e-flex e-con e-child\" data-id=\"3a34967\" data-element_type=\"container\">\n\t\t\t\t<div class=\"elementor-element elementor-element-e0c1e4b elementor-widget__width-initial elementor-position-top elementor-widget elementor-widget-image-box\" data-id=\"e0c1e4b\" data-element_type=\"widget\" data-widget_type=\"image-box.default\">\n\t\t\t\t<div class=\"elementor-widget-container\">\n\t\t\t\t\t<div class=\"elementor-image-box-wrapper\"><figure class=\"elementor-image-box-img\"><a href=\"https:\/\/jotatec.com\/en\/product-category\/cardiologia\/\" tabindex=\"-1\"><img decoding=\"async\" src=\"https:\/\/jotatec.com\/wp-content\/uploads\/elementor\/thumbs\/ttp-r4s70juxhh7sffbb7cl5l67pwmxdp6b3nk4gbfpkfs.jpg\" title=\"ttp.jpg\" alt=\"ttp.jpg\" loading=\"lazy\" \/><\/a><\/figure><div class=\"elementor-image-box-content\"><h3 class=\"elementor-image-box-title\"><a href=\"https:\/\/jotatec.com\/en\/product-category\/cardiologia\/\">Cardiology<\/a><\/h3><\/div><\/div>\t\t\t\t<\/div>\n\t\t\t\t<\/div>\n\t\t\t\t<div class=\"elementor-element elementor-element-4d66c39 elementor-widget__width-initial elementor-position-top elementor-widget elementor-widget-image-box\" data-id=\"4d66c39\" data-element_type=\"widget\" data-widget_type=\"image-box.default\">\n\t\t\t\t<div class=\"elementor-widget-container\">\n\t\t\t\t\t<div class=\"elementor-image-box-wrapper\"><figure class=\"elementor-image-box-img\"><a href=\"https:\/\/jotatec.com\/en\/product-category\/cardio-resucitacion\/\" tabindex=\"-1\"><img decoding=\"async\" src=\"https:\/\/jotatec.com\/wp-content\/uploads\/elementor\/thumbs\/DCF10020Lifeline20AED-r4s70g3kq52n4zgrtaynb75vj3fwudw6b1iiebv54o.jpg\" title=\"DCF10020Lifeline20AED.jpg\" alt=\"DCF10020Lifeline20AED.jpg\" loading=\"lazy\" \/><\/a><\/figure><div class=\"elementor-image-box-content\"><h3 class=\"elementor-image-box-title\"><a href=\"https:\/\/jotatec.com\/en\/product-category\/cardio-resucitacion\/\">Cardio resuscitation<\/a><\/h3><\/div><\/div>\t\t\t\t<\/div>\n\t\t\t\t<\/div>\n\t\t\t\t<div class=\"elementor-element elementor-element-497dc01 elementor-widget__width-initial elementor-position-top elementor-widget elementor-widget-image-box\" data-id=\"497dc01\" data-element_type=\"widget\" data-widget_type=\"image-box.default\">\n\t\t\t\t<div class=\"elementor-widget-container\">\n\t\t\t\t\t<div class=\"elementor-image-box-wrapper\"><figure class=\"elementor-image-box-img\"><a href=\"https:\/\/jotatec.com\/en\/product-category\/homecare\/\" tabindex=\"-1\"><img decoding=\"async\" src=\"https:\/\/jotatec.com\/wp-content\/uploads\/elementor\/thumbs\/productos_solos-300x300-1-r5p83xgtwfafh97j6kob4doc5ot5frmqsep4nqs88o.jpg\" title=\"productos_solos-300&#215;300\" alt=\"productos_solos-300x300\" loading=\"lazy\" \/><\/a><\/figure><div class=\"elementor-image-box-content\"><h3 class=\"elementor-image-box-title\"><a href=\"https:\/\/jotatec.com\/en\/product-category\/homecare\/\">Homecare<\/a><\/h3><\/div><\/div>\t\t\t\t<\/div>\n\t\t\t\t<\/div>\n\t\t\t\t<div class=\"elementor-element elementor-element-cce8464 elementor-widget__width-initial elementor-position-top elementor-widget elementor-widget-image-box\" data-id=\"cce8464\" data-element_type=\"widget\" data-widget_type=\"image-box.default\">\n\t\t\t\t<div class=\"elementor-widget-container\">\n\t\t\t\t\t<div class=\"elementor-image-box-wrapper\"><figure class=\"elementor-image-box-img\"><a href=\"https:\/\/jotatec.com\/en\/product-category\/accesorios\/\" tabindex=\"-1\"><img loading=\"lazy\" decoding=\"async\" width=\"300\" height=\"300\" src=\"https:\/\/jotatec.com\/wp-content\/uploads\/2025\/05\/accesorios-categoria-300x300-1.jpg\" class=\"attachment-full size-full wp-image-583\" alt=\"\" srcset=\"https:\/\/jotatec.com\/wp-content\/uploads\/2025\/05\/accesorios-categoria-300x300-1.jpg 300w, https:\/\/jotatec.com\/wp-content\/uploads\/2025\/05\/accesorios-categoria-300x300-1-100x100.jpg 100w, https:\/\/jotatec.com\/wp-content\/uploads\/2025\/05\/accesorios-categoria-300x300-1-150x150.jpg 150w, https:\/\/jotatec.com\/wp-content\/uploads\/2025\/05\/accesorios-categoria-300x300-1-12x12.jpg 12w\" sizes=\"(max-width: 300px) 100vw, 300px\" \/><\/a><\/figure><div class=\"elementor-image-box-content\"><h3 class=\"elementor-image-box-title\"><a href=\"https:\/\/jotatec.com\/en\/product-category\/accesorios\/\">Accesories<\/a><\/h3><\/div><\/div>\t\t\t\t<\/div>\n\t\t\t\t<\/div>\n\t\t\t\t<\/div>\n\t\t\t\t\t<\/div>\n\t\t\t\t<\/div>\n\t\t\t\t<\/div>","protected":false},"excerpt":{"rendered":"<p>Categor\u00edas Cardiolog\u00eda Cardio Resucitaci\u00f3n Homecare Accesorios<\/p>","protected":false},"author":1,"featured_media":0,"parent":0,"menu_order":0,"comment_status":"closed","ping_status":"closed","template":"elementor_header_footer","meta":{"_joinchat":[],"footnotes":""},"class_list":["post-577","page","type-page","status-publish","hentry"],"_links":{"self":[{"href":"https:\/\/jotatec.com\/en\/wp-json\/wp\/v2\/pages\/577","targetHints":{"allow":["GET"]}}],"collection":[{"href":"https:\/\/jotatec.com\/en\/wp-json\/wp\/v2\/pages"}],"about":[{"href":"https:\/\/jotatec.com\/en\/wp-json\/wp\/v2\/types\/page"}],"author":[{"embeddable":true,"href":"https:\/\/jotatec.com\/en\/wp-json\/wp\/v2\/users\/1"}],"replies":[{"embeddable":true,"href":"https:\/\/jotatec.com\/en\/wp-json\/wp\/v2\/comments?post=577"}],"version-history":[{"count":13,"href":"https:\/\/jotatec.com\/en\/wp-json\/wp\/v2\/pages\/577\/revisions"}],"predecessor-version":[{"id":597,"href":"https:\/\/jotatec.com\/en\/wp-json\/wp\/v2\/pages\/577\/revisions\/597"}],"wp:attachment":[{"href":"https:\/\/jotatec.com\/en\/wp-json\/wp\/v2\/media?parent=577"}],"curies":[{"name":"wp","href":"https:\/\/api.w.org\/{rel}","templated":true}]}}