{"id":272,"date":"2025-04-22T14:41:36","date_gmt":"2025-04-22T14:41:36","guid":{"rendered":"https:\/\/elalmacendelaweb.com.ar\/jotatec\/?page_id=272"},"modified":"2025-04-29T11:48:37","modified_gmt":"2025-04-29T11:48:37","slug":"qr","status":"publish","type":"page","link":"https:\/\/jotatec.com\/en\/qr\/","title":{"rendered":"qr"},"content":{"rendered":"<div data-elementor-type=\"wp-page\" data-elementor-id=\"272\" class=\"elementor elementor-272\" data-elementor-post-type=\"page\">\n\t\t\t\t<div class=\"elementor-element elementor-element-15f785d e-flex e-con-boxed e-con e-parent\" data-id=\"15f785d\" data-element_type=\"container\">\n\t\t\t\t\t<div class=\"e-con-inner\">\n\t\t\t\t<div class=\"elementor-element elementor-element-cb0eedd elementor-widget__width-initial elementor-widget elementor-widget-image\" data-id=\"cb0eedd\" data-element_type=\"widget\" data-widget_type=\"image.default\">\n\t\t\t\t<div class=\"elementor-widget-container\">\n\t\t\t\t\t\t\t\t\t\t\t\t\t\t\t<img fetchpriority=\"high\" decoding=\"async\" width=\"470\" height=\"680\" src=\"https:\/\/jotatec.com\/wp-content\/uploads\/2025\/04\/QR_MODO_JT.png\" class=\"attachment-full size-full wp-image-274\" alt=\"\" srcset=\"https:\/\/jotatec.com\/wp-content\/uploads\/2025\/04\/QR_MODO_JT.png 470w, https:\/\/jotatec.com\/wp-content\/uploads\/2025\/04\/QR_MODO_JT-207x300.png 207w\" sizes=\"(max-width: 470px) 100vw, 470px\" \/>\t\t\t\t\t\t\t\t\t\t\t\t\t\t\t<\/div>\n\t\t\t\t<\/div>\n\t\t\t\t<div class=\"elementor-element elementor-element-5e78c85 elementor-widget__width-initial elementor-widget elementor-widget-text-editor\" data-id=\"5e78c85\" data-element_type=\"widget\" data-widget_type=\"text-editor.default\">\n\t\t\t\t<div class=\"elementor-widget-container\">\n\t\t\t\t\t\t\t\t\t<p><strong>INSTRUCCIONES:<\/strong><\/p><p>IMPORTANTE: para poder leer el QR con tu celular debes ingresar desde una PC u otro celular.<\/p><p>1. Ingresar app de tu banco y elegir MODO (o descargar aplicaci\u00f3n de MODO directamente al celular y vincular con el banco que utilizas)<\/p><p>2. Elegir pagar con MODO<\/p><p>3. Leer QR<\/p><p>4. Ingresar precio del equipo y luego solapa siguiente elegir la tarjeta de CR\u00c9DITO preferida y plan de cuotas (1\/3\/6\/12 etc). Guardar comprobante o captura de pantalla.<\/p><p>5. Enviar comprobante pantalla por whatsapp 1164873860 o al mail a diegoss@jotatec.com<\/p><p>6. Ante inconvenientes al momento de hacer la operaci\u00f3n tenes que llamar a VISA o MASTERCARD para pedir autorizaci\u00f3n (por el elevado monto de la operaci\u00f3n la tarjeta suele necesitar autorizaci\u00f3n)<\/p><p>7. Bancos adheridos a la red MODO: Bancos Adheridos a Modo<\/p><p>Gracias.<\/p>\t\t\t\t\t\t\t\t<\/div>\n\t\t\t\t<\/div>\n\t\t\t\t\t<\/div>\n\t\t\t\t<\/div>\n\t\t\t\t<\/div>","protected":false},"excerpt":{"rendered":"<p>INSTRUCCIONES: IMPORTANTE: para poder leer el QR con tu celular debes ingresar desde una PC u otro celular. 1. Ingresar app de tu banco y elegir MODO (o descargar aplicaci\u00f3n de MODO directamente al celular y vincular con el banco que utilizas) 2. Elegir pagar con MODO 3. Leer QR 4. Ingresar precio del equipo [&hellip;]<\/p>","protected":false},"author":1,"featured_media":0,"parent":0,"menu_order":0,"comment_status":"closed","ping_status":"closed","template":"elementor_header_footer","meta":{"_joinchat":[],"footnotes":""},"class_list":["post-272","page","type-page","status-publish","hentry"],"_links":{"self":[{"href":"https:\/\/jotatec.com\/en\/wp-json\/wp\/v2\/pages\/272","targetHints":{"allow":["GET"]}}],"collection":[{"href":"https:\/\/jotatec.com\/en\/wp-json\/wp\/v2\/pages"}],"about":[{"href":"https:\/\/jotatec.com\/en\/wp-json\/wp\/v2\/types\/page"}],"author":[{"embeddable":true,"href":"https:\/\/jotatec.com\/en\/wp-json\/wp\/v2\/users\/1"}],"replies":[{"embeddable":true,"href":"https:\/\/jotatec.com\/en\/wp-json\/wp\/v2\/comments?post=272"}],"version-history":[{"count":10,"href":"https:\/\/jotatec.com\/en\/wp-json\/wp\/v2\/pages\/272\/revisions"}],"predecessor-version":[{"id":483,"href":"https:\/\/jotatec.com\/en\/wp-json\/wp\/v2\/pages\/272\/revisions\/483"}],"wp:attachment":[{"href":"https:\/\/jotatec.com\/en\/wp-json\/wp\/v2\/media?parent=272"}],"curies":[{"name":"wp","href":"https:\/\/api.w.org\/{rel}","templated":true}]}}