{"id":247,"date":"2025-04-22T14:09:46","date_gmt":"2025-04-22T14:09:46","guid":{"rendered":"https:\/\/elalmacendelaweb.com.ar\/jotatec\/?page_id=247"},"modified":"2025-05-19T17:28:49","modified_gmt":"2025-05-19T17:28:49","slug":"telemedicina","status":"publish","type":"page","link":"https:\/\/jotatec.com\/en\/telemedicina\/","title":{"rendered":"Telemedicine"},"content":{"rendered":"<div data-elementor-type=\"wp-page\" data-elementor-id=\"247\" class=\"elementor elementor-247\" data-elementor-post-type=\"page\">\n\t\t\t\t<div class=\"elementor-element elementor-element-9f49175 e-flex e-con-boxed e-con e-parent\" data-id=\"9f49175\" data-element_type=\"container\" data-settings=\"{&quot;background_background&quot;:&quot;classic&quot;}\">\n\t\t\t\t\t<div class=\"e-con-inner\">\n\t\t<div class=\"elementor-element elementor-element-5a61c5e e-con-full e-flex e-con e-child\" data-id=\"5a61c5e\" data-element_type=\"container\">\n\t\t\t\t<div class=\"elementor-element elementor-element-8d21b89 elementor-cta--layout-image-left elementor-cta--skin-classic elementor-animated-content elementor-bg-transform elementor-bg-transform-zoom-in elementor-widget elementor-widget-call-to-action\" data-id=\"8d21b89\" data-element_type=\"widget\" data-widget_type=\"call-to-action.default\">\n\t\t\t\t<div class=\"elementor-widget-container\">\n\t\t\t\t\t\t\t<div class=\"elementor-cta\">\n\t\t\t\t\t\t\t<div class=\"elementor-cta__content\">\n\t\t\t\t\n\t\t\t\t\t\t\t\t\t<h2 class=\"elementor-cta__title elementor-cta__content-item elementor-content-item\">\n\t\t\t\t\t\tTELEMEDICINE\t\t\t\t\t<\/h2>\n\t\t\t\t\n\t\t\t\t\t\t\t\t\t<div class=\"elementor-cta__description elementor-cta__content-item elementor-content-item\">\n\t\t\t\t\t\tTelemedicine is today one of the top healthcare needs.. Without losing focus on the importance of personal contact, this technology saves lives by saving time and distance. Jotatec develops the technological infrastructure to make it possible.\t\t\t\t\t<\/div>\n\t\t\t\t\n\t\t\t\t\t\t\t<\/div>\n\t\t\t\t\t\t<\/div>\n\t\t\t\t\t\t<\/div>\n\t\t\t\t<\/div>\n\t\t\t\t<\/div>\n\t\t<div class=\"elementor-element elementor-element-a680bae e-con-full e-flex e-con e-child\" data-id=\"a680bae\" data-element_type=\"container\">\n\t\t\t\t<div class=\"elementor-element elementor-element-4e5786c elementor-widget elementor-widget-heading\" data-id=\"4e5786c\" data-element_type=\"widget\" data-widget_type=\"heading.default\">\n\t\t\t\t<div class=\"elementor-widget-container\">\n\t\t\t\t\t<h2 class=\"elementor-heading-title elementor-size-default\">Contact<\/h2>\t\t\t\t<\/div>\n\t\t\t\t<\/div>\n\t\t\t\t<div class=\"elementor-element elementor-element-0da0d1c elementor-widget elementor-widget-button\" data-id=\"0da0d1c\" data-element_type=\"widget\" data-widget_type=\"button.default\">\n\t\t\t\t<div class=\"elementor-widget-container\">\n\t\t\t\t\t\t\t\t\t<div class=\"elementor-button-wrapper\">\n\t\t\t\t\t<a class=\"elementor-button elementor-button-link elementor-size-sm\" href=\"mailto:telemedicina@jotatec.com\">\n\t\t\t\t\t\t<span class=\"elementor-button-content-wrapper\">\n\t\t\t\t\t\t\t\t\t<span class=\"elementor-button-text\">telemedicina@jotatec.com<\/span>\n\t\t\t\t\t<\/span>\n\t\t\t\t\t<\/a>\n\t\t\t\t<\/div>\n\t\t\t\t\t\t\t\t<\/div>\n\t\t\t\t<\/div>\n\t\t\t\t<\/div>\n\t\t\t\t\t<\/div>\n\t\t\t\t<\/div>\n\t\t<div class=\"elementor-element elementor-element-5751e1d e-flex e-con-boxed e-con e-parent\" data-id=\"5751e1d\" data-element_type=\"container\">\n\t\t\t\t\t<div class=\"e-con-inner\">\n\t\t<div class=\"elementor-element elementor-element-a278c9d e-con-full e-flex e-con e-child\" data-id=\"a278c9d\" data-element_type=\"container\">\n\t\t\t\t<div class=\"elementor-element elementor-element-3313954 elementor-cta--layout-image-above elementor-cta--valign-top elementor-cta--tablet-layout-image-left elementor-cta--mobile-layout-image-above elementor-widget__width-initial elementor-cta--skin-classic elementor-animated-content elementor-widget elementor-widget-call-to-action\" data-id=\"3313954\" data-element_type=\"widget\" data-widget_type=\"call-to-action.default\">\n\t\t\t\t<div class=\"elementor-widget-container\">\n\t\t\t\t\t\t\t<div class=\"elementor-cta\">\n\t\t\t\t\t<div class=\"elementor-cta__bg-wrapper\">\n\t\t\t\t<div class=\"elementor-cta__bg elementor-bg\" style=\"background-image: url(https:\/\/jotatec.com\/wp-content\/uploads\/2025\/04\/telemedicina_diagnostico2.webp);\" role=\"img\" aria-label=\"telemedicina_diagnostico2\"><\/div>\n\t\t\t\t<div class=\"elementor-cta__bg-overlay\"><\/div>\n\t\t\t<\/div>\n\t\t\t\t\t\t\t<div class=\"elementor-cta__content\">\n\t\t\t\t\n\t\t\t\t\t\t\t\t\t<h2 class=\"elementor-cta__title elementor-cta__content-item elementor-content-item\">\n\t\t\t\t\t\tVIRTUAL DIAGNOSIS IN EMERGENCIES\t\t\t\t\t<\/h2>\n\t\t\t\t\n\t\t\t\t\t\t\t\t\t<div class=\"elementor-cta__description elementor-cta__content-item elementor-content-item\">\n\t\t\t\t\t\t\nReal-time electrocardiograms that save lives\t\t\t\t\t<\/div>\n\t\t\t\t\n\t\t\t\t\t\t\t<\/div>\n\t\t\t\t\t\t<\/div>\n\t\t\t\t\t\t<\/div>\n\t\t\t\t<\/div>\n\t\t\t\t<div class=\"elementor-element elementor-element-d81b521 elementor-cta--layout-image-above elementor-cta--tablet-layout-image-left elementor-cta--mobile-layout-image-above elementor-cta--valign-top elementor-widget__width-initial elementor-cta--skin-classic elementor-animated-content elementor-widget elementor-widget-call-to-action\" data-id=\"d81b521\" data-element_type=\"widget\" data-widget_type=\"call-to-action.default\">\n\t\t\t\t<div class=\"elementor-widget-container\">\n\t\t\t\t\t\t\t<div class=\"elementor-cta\">\n\t\t\t\t\t<div class=\"elementor-cta__bg-wrapper\">\n\t\t\t\t<div class=\"elementor-cta__bg elementor-bg\" style=\"background-image: url(https:\/\/jotatec.com\/wp-content\/uploads\/2025\/04\/telemedicina_testimonio.webp);\" role=\"img\" aria-label=\"telemedicina_testimonio\"><\/div>\n\t\t\t\t<div class=\"elementor-cta__bg-overlay\"><\/div>\n\t\t\t<\/div>\n\t\t\t\t\t\t\t<div class=\"elementor-cta__content\">\n\t\t\t\t\n\t\t\t\t\t\t\t\t\t<h2 class=\"elementor-cta__title elementor-cta__content-item elementor-content-item\">\n\t\t\t\t\t\tVIRTUAL CARDIOLOGIST\t\t\t\t\t<\/h2>\n\t\t\t\t\n\t\t\t\t\t\t\t\t\t<div class=\"elementor-cta__description elementor-cta__content-item elementor-content-item\">\n\t\t\t\t\t\t\nJotatec and Emergencias SA developed a strategic alliance that allows the electrocardiogram, the basic study in a cardiovascular event, to be sent from ambulances or remote locations for a cardiologist to make a virtual preliminary diagnosis. Thanks to the Taurus Touch, the studies are sent digitally to the Emergencias SA medical center where a specialist assesses the situation and makes a decision. The project includes 200 pieces of equipment and is used in ambulances and oil wells in Vaca Muerta.\t\t\t\t\t<\/div>\n\t\t\t\t\n\t\t\t\t\t\t\t<\/div>\n\t\t\t\t\t\t<\/div>\n\t\t\t\t\t\t<\/div>\n\t\t\t\t<\/div>\n\t\t\t\t<div class=\"elementor-element elementor-element-2103755 elementor-cta--layout-image-above elementor-cta--valign-top elementor-cta--tablet-layout-image-left elementor-cta--mobile-layout-image-above elementor-widget__width-initial elementor-cta--skin-classic elementor-animated-content elementor-widget elementor-widget-call-to-action\" data-id=\"2103755\" data-element_type=\"widget\" data-widget_type=\"call-to-action.default\">\n\t\t\t\t<div class=\"elementor-widget-container\">\n\t\t\t\t\t\t\t<div class=\"elementor-cta\">\n\t\t\t\t\t<div class=\"elementor-cta__bg-wrapper\">\n\t\t\t\t<div class=\"elementor-cta__bg elementor-bg\" style=\"background-image: url(https:\/\/jotatec.com\/wp-content\/uploads\/2025\/04\/telemedicina_sistema.webp);\" role=\"img\" aria-label=\"telemedicina_sistema\"><\/div>\n\t\t\t\t<div class=\"elementor-cta__bg-overlay\"><\/div>\n\t\t\t<\/div>\n\t\t\t\t\t\t\t<div class=\"elementor-cta__content\">\n\t\t\t\t\n\t\t\t\t\t\t\t\t\t<h2 class=\"elementor-cta__title elementor-cta__content-item elementor-content-item\">\n\t\t\t\t\t\tPROVEN SYSTEM\t\t\t\t\t<\/h2>\n\t\t\t\t\n\t\t\t\t\t\t\t\t\t<div class=\"elementor-cta__description elementor-cta__content-item elementor-content-item\">\n\t\t\t\t\t\tMore than 300 ambulances all over the country uses a Jotatec Telemedicine ECG\t\t\t\t\t<\/div>\n\t\t\t\t\n\t\t\t\t\t\t\t<\/div>\n\t\t\t\t\t\t<\/div>\n\t\t\t\t\t\t<\/div>\n\t\t\t\t<\/div>\n\t\t\t\t<\/div>\n\t\t\t\t\t<\/div>\n\t\t\t\t<\/div>\n\t\t\t\t<\/div>","protected":false},"excerpt":{"rendered":"<p>TELEMEDICINA La Telemedicina es una de las claves para el futuro de la atenci\u00f3n m\u00e9dica. Sin perder el foco en la importancia del contacto personal, esta tecnolog\u00eda esta creada para salvar vidas. Jotatec desarrolla la infraestructura tecnol\u00f3gica para que esto sea posible. Contacto telemedicina@jotatec.com DIAGN\u00d3STICO VIRTUAL EN EMERGENCIAS Electrocardiogramas en tiempo real para salvar vidas. [&hellip;]<\/p>","protected":false},"author":1,"featured_media":0,"parent":0,"menu_order":0,"comment_status":"closed","ping_status":"closed","template":"elementor_header_footer","meta":{"_joinchat":[],"footnotes":""},"class_list":["post-247","page","type-page","status-publish","hentry"],"_links":{"self":[{"href":"https:\/\/jotatec.com\/en\/wp-json\/wp\/v2\/pages\/247","targetHints":{"allow":["GET"]}}],"collection":[{"href":"https:\/\/jotatec.com\/en\/wp-json\/wp\/v2\/pages"}],"about":[{"href":"https:\/\/jotatec.com\/en\/wp-json\/wp\/v2\/types\/page"}],"author":[{"embeddable":true,"href":"https:\/\/jotatec.com\/en\/wp-json\/wp\/v2\/users\/1"}],"replies":[{"embeddable":true,"href":"https:\/\/jotatec.com\/en\/wp-json\/wp\/v2\/comments?post=247"}],"version-history":[{"count":13,"href":"https:\/\/jotatec.com\/en\/wp-json\/wp\/v2\/pages\/247\/revisions"}],"predecessor-version":[{"id":622,"href":"https:\/\/jotatec.com\/en\/wp-json\/wp\/v2\/pages\/247\/revisions\/622"}],"wp:attachment":[{"href":"https:\/\/jotatec.com\/en\/wp-json\/wp\/v2\/media?parent=247"}],"curies":[{"name":"wp","href":"https:\/\/api.w.org\/{rel}","templated":true}]}}