{"id":11,"date":"2025-04-11T20:30:47","date_gmt":"2025-04-11T20:30:47","guid":{"rendered":"https:\/\/elalmacendelaweb.com.ar\/jotatec\/carrito\/"},"modified":"2025-05-07T01:10:34","modified_gmt":"2025-05-07T01:10:34","slug":"carrito","status":"publish","type":"page","link":"https:\/\/jotatec.com\/en\/carrito\/","title":{"rendered":"Carrito"},"content":{"rendered":"<div data-elementor-type=\"wp-page\" data-elementor-id=\"11\" class=\"elementor elementor-11\" data-elementor-post-type=\"page\">\n\t\t\t\t<div class=\"elementor-element elementor-element-49a03fb e-flex e-con-boxed e-con e-parent\" data-id=\"49a03fb\" data-element_type=\"container\" data-settings=\"{&quot;background_background&quot;:&quot;classic&quot;}\">\n\t\t\t\t\t<div class=\"e-con-inner\">\n\t\t<div class=\"elementor-element elementor-element-007637a e-con-full e-flex e-con e-child\" data-id=\"007637a\" data-element_type=\"container\">\n\t\t\t\t<div class=\"elementor-element elementor-element-5909d91 elementor-widget elementor-widget-heading\" data-id=\"5909d91\" data-element_type=\"widget\" data-widget_type=\"heading.default\">\n\t\t\t\t<div class=\"elementor-widget-container\">\n\t\t\t\t\t<h2 class=\"elementor-heading-title elementor-size-default\">Shopping cart<\/h2>\t\t\t\t<\/div>\n\t\t\t\t<\/div>\n\t\t\t\t<\/div>\n\t\t\t\t\t<\/div>\n\t\t\t\t<\/div>\n\t\t<div class=\"elementor-element elementor-element-f1f3b28 e-flex e-con-boxed e-con e-parent\" data-id=\"f1f3b28\" data-element_type=\"container\">\n\t\t\t\t\t<div class=\"e-con-inner\">\n\t\t\t\t<div class=\"elementor-element elementor-element-0ee09ef e-cart-layout-two-column elementor-widget elementor-widget-woocommerce-cart\" data-id=\"0ee09ef\" data-element_type=\"widget\" data-widget_type=\"woocommerce-cart.default\">\n\t\t\t\t<div class=\"elementor-widget-container\">\n\t\t\t\t\t<div class=\"woocommerce\"><div class=\"woocommerce-notices-wrapper\"><\/div><div class=\"wc-empty-cart-message\">\n\t<div class=\"cart-empty woocommerce-info\">\n\t\tYour cart is currently empty.\t<\/div>\n<\/div><\/div>\t\t\t\t<\/div>\n\t\t\t\t<\/div>\n\t\t\t\t\t<\/div>\n\t\t\t\t<\/div>\n\t\t\t\t<\/div>","protected":false},"excerpt":{"rendered":"<p>Carro de Compras Eliminar art\u00edculo Imagen en miniatura Producto Precio Cantidad Subtotal &times; Tensi\u00f3metro Digital Autom\u00e1tico Geratherm Active Control + (Recargable) &#36;&nbsp;110.000,00 Tensi\u00f3metro Digital Autom\u00e1tico Geratherm Active Control + (Recargable) cantidad &#36;&nbsp;110.000,00 Actualizar carro Total compra Subtotal &#36;&nbsp;110.000,00 Env\u00edo Precio fijo Argentina: &#36;&nbsp;20.000,00 Enviar a los jazmines 2145, Las heras, Mendoza, 5539. Cambiar direcci\u00f3n Pa\u00eds [&hellip;]<\/p>","protected":false},"author":1,"featured_media":0,"parent":0,"menu_order":0,"comment_status":"closed","ping_status":"closed","template":"elementor_header_footer","meta":{"_joinchat":[],"footnotes":""},"class_list":["post-11","page","type-page","status-publish","hentry"],"_links":{"self":[{"href":"https:\/\/jotatec.com\/en\/wp-json\/wp\/v2\/pages\/11","targetHints":{"allow":["GET"]}}],"collection":[{"href":"https:\/\/jotatec.com\/en\/wp-json\/wp\/v2\/pages"}],"about":[{"href":"https:\/\/jotatec.com\/en\/wp-json\/wp\/v2\/types\/page"}],"author":[{"embeddable":true,"href":"https:\/\/jotatec.com\/en\/wp-json\/wp\/v2\/users\/1"}],"replies":[{"embeddable":true,"href":"https:\/\/jotatec.com\/en\/wp-json\/wp\/v2\/comments?post=11"}],"version-history":[{"count":7,"href":"https:\/\/jotatec.com\/en\/wp-json\/wp\/v2\/pages\/11\/revisions"}],"predecessor-version":[{"id":543,"href":"https:\/\/jotatec.com\/en\/wp-json\/wp\/v2\/pages\/11\/revisions\/543"}],"wp:attachment":[{"href":"https:\/\/jotatec.com\/en\/wp-json\/wp\/v2\/media?parent=11"}],"curies":[{"name":"wp","href":"https:\/\/api.w.org\/{rel}","templated":true}]}}